{"id":310,"date":"2014-10-02T08:17:24","date_gmt":"2014-10-02T06:17:24","guid":{"rendered":"http:\/\/www.solothurnmasterplan.ch\/?page_id=310"},"modified":"2016-06-16T07:34:31","modified_gmt":"2016-06-16T05:34:31","slug":"wachstum-ohne-verdraengung-verpasste-chancen","status":"publish","type":"page","link":"https:\/\/www.solothurnmasterplan.ch\/?page_id=310","title":{"rendered":"Verpasste Chancen"},"content":{"rendered":"<p><a title=\"Wachstum ohne Verdr\u00e4ngung\" href=\"http:\/\/www.solothurnmasterplan.ch\/?page_id=281\">Einleitung<\/a> | <a title=\"Potential\" href=\"http:\/\/www.solothurnmasterplan.ch\/?page_id=306\">Potential<\/a> | <a title=\"Freir\u00e4ume\" href=\"http:\/\/www.solothurnmasterplan.ch\/?page_id=308\">Freir\u00e4ume<\/a> | <a title=\"Verpasste Chancen\" href=\"http:\/\/www.solothurnmasterplan.ch\/?page_id=310\">Verpasste Chancen<\/a> | <a title=\"Mut zur Vision\" href=\"http:\/\/www.solothurnmasterplan.ch\/?page_id=312\">Mut zur Vision<\/a> | <a href=\"http:\/\/www.solothurnmasterplan.ch\/wp-content\/uploads\/2014\/03\/Folie22.jpg\">Forderungen<\/a><\/p>\n<p>Es folgt eine kleine Auswahl mit kurzen Kommentare zu jungen Realisierungen, welche aufgrund verschiedener Faktoren als verpasste Chancen bezeichnet werden k\u00f6nnen.<\/p>\n<p><img loading=\"lazy\" decoding=\"async\" class=\"aligncenter size-full wp-image-463\" src=\"http:\/\/www.solothurnmasterplan.ch\/wp-content\/uploads\/2016\/06\/Folie22.jpg\" alt=\"Folie22\" width=\"720\" height=\"540\" srcset=\"https:\/\/www.solothurnmasterplan.ch\/wp-content\/uploads\/2016\/06\/Folie22.jpg 720w, https:\/\/www.solothurnmasterplan.ch\/wp-content\/uploads\/2016\/06\/Folie22-300x225.jpg 300w, https:\/\/www.solothurnmasterplan.ch\/wp-content\/uploads\/2016\/06\/Folie22-624x468.jpg 624w\" sizes=\"auto, (max-width: 720px) 100vw, 720px\" \/>Bild 19: Bielstrasse<\/p>\n<p>Das 2013 fertiggestellte dreigeschossige, graue Geb\u00e4ude ist niedriger als seine Nachbarn. Nicht etwa der Architekt oder der Bauherr sind f\u00fcr diese Situation verantwortlich, sondern der Zonenplan.<\/p>\n<p><img loading=\"lazy\" decoding=\"async\" class=\"aligncenter size-full wp-image-464\" src=\"http:\/\/www.solothurnmasterplan.ch\/wp-content\/uploads\/2016\/06\/Folie23.jpg\" alt=\"Folie23\" width=\"720\" height=\"540\" srcset=\"https:\/\/www.solothurnmasterplan.ch\/wp-content\/uploads\/2016\/06\/Folie23.jpg 720w, https:\/\/www.solothurnmasterplan.ch\/wp-content\/uploads\/2016\/06\/Folie23-300x225.jpg 300w, https:\/\/www.solothurnmasterplan.ch\/wp-content\/uploads\/2016\/06\/Folie23-624x468.jpg 624w\" sizes=\"auto, (max-width: 720px) 100vw, 720px\" \/>Bild 20: Sphinxmatte<\/p>\n<p>Eine grosse \u00dcberbauung zwischen Altstadt und einer Klostermauer, direkt bei einer Markthalle bietet Wohnungen bis ins Erdgeschoss. Nicht etwa die Architektur soll hier kritisiert werden, sondern der Zustand, dass keine Stadt gebaut wurde, da das Erdgeschoss f\u00fcr private Nutzungen vorgesehen ist. Es ist eine verpasste Chance in unmittelbarer Zentrumsn\u00e4he die Stadt zu erweitern.<img loading=\"lazy\" decoding=\"async\" class=\"aligncenter size-full wp-image-465\" src=\"http:\/\/www.solothurnmasterplan.ch\/wp-content\/uploads\/2016\/06\/Folie24.jpg\" alt=\"Folie24\" width=\"720\" height=\"540\" srcset=\"https:\/\/www.solothurnmasterplan.ch\/wp-content\/uploads\/2016\/06\/Folie24.jpg 720w, https:\/\/www.solothurnmasterplan.ch\/wp-content\/uploads\/2016\/06\/Folie24-300x225.jpg 300w, https:\/\/www.solothurnmasterplan.ch\/wp-content\/uploads\/2016\/06\/Folie24-624x468.jpg 624w\" sizes=\"auto, (max-width: 720px) 100vw, 720px\" \/><\/p>\n<p>Bild 21: Hauptbahnhof<\/p>\n<p>Zwischen dem Perron 1 (schwarzes Geb\u00e4ude) und dem Bahnhofsgeb\u00e4ude klafft eine eklatante L\u00fccke als Restraum. An bestens erschlossener Lage kann hier die Stadt weitergebaut werden.<\/p>\n<p><a title=\"Freir\u00e4ume\" href=\"http:\/\/www.solothurnmasterplan.ch\/?page_id=308\">&lt;&lt; Freir\u00e4ume<\/a> | <a title=\"Mut zur Vision\" href=\"http:\/\/www.solothurnmasterplan.ch\/?page_id=312\">Mut zur Vision &gt;&gt;<\/a><\/p>\n","protected":false},"excerpt":{"rendered":"<p>Einleitung | Potential | Freir\u00e4ume | Verpasste Chancen | Mut zur Vision | Forderungen Es folgt eine kleine Auswahl mit kurzen Kommentare zu jungen Realisierungen, welche aufgrund verschiedener Faktoren als verpasste Chancen bezeichnet werden k\u00f6nnen. Bild 19: Bielstrasse Das 2013 fertiggestellte dreigeschossige, graue Geb\u00e4ude ist niedriger als seine Nachbarn. Nicht etwa der Architekt oder der [&hellip;]<\/p>\n","protected":false},"author":1,"featured_media":0,"parent":0,"menu_order":0,"comment_status":"open","ping_status":"open","template":"","meta":{"footnotes":""},"class_list":["post-310","page","type-page","status-publish","hentry"],"_links":{"self":[{"href":"https:\/\/www.solothurnmasterplan.ch\/index.php?rest_route=\/wp\/v2\/pages\/310","targetHints":{"allow":["GET"]}}],"collection":[{"href":"https:\/\/www.solothurnmasterplan.ch\/index.php?rest_route=\/wp\/v2\/pages"}],"about":[{"href":"https:\/\/www.solothurnmasterplan.ch\/index.php?rest_route=\/wp\/v2\/types\/page"}],"author":[{"embeddable":true,"href":"https:\/\/www.solothurnmasterplan.ch\/index.php?rest_route=\/wp\/v2\/users\/1"}],"replies":[{"embeddable":true,"href":"https:\/\/www.solothurnmasterplan.ch\/index.php?rest_route=%2Fwp%2Fv2%2Fcomments&post=310"}],"version-history":[{"count":9,"href":"https:\/\/www.solothurnmasterplan.ch\/index.php?rest_route=\/wp\/v2\/pages\/310\/revisions"}],"predecessor-version":[{"id":475,"href":"https:\/\/www.solothurnmasterplan.ch\/index.php?rest_route=\/wp\/v2\/pages\/310\/revisions\/475"}],"wp:attachment":[{"href":"https:\/\/www.solothurnmasterplan.ch\/index.php?rest_route=%2Fwp%2Fv2%2Fmedia&parent=310"}],"curies":[{"name":"wp","href":"https:\/\/api.w.org\/{rel}","templated":true}]}}