{"id":306,"date":"2014-10-02T08:17:17","date_gmt":"2014-10-02T06:17:17","guid":{"rendered":"http:\/\/www.solothurnmasterplan.ch\/?page_id=306"},"modified":"2016-06-16T07:18:03","modified_gmt":"2016-06-16T05:18:03","slug":"wachstum-ohne-verdraengung-potential","status":"publish","type":"page","link":"https:\/\/www.solothurnmasterplan.ch\/?page_id=306","title":{"rendered":"Potential"},"content":{"rendered":"<p><a title=\"Wachstum ohne Verdr\u00e4ngung\" href=\"http:\/\/www.solothurnmasterplan.ch\/?page_id=281\">Einleitung<\/a> | <a title=\"Potential\" href=\"http:\/\/www.solothurnmasterplan.ch\/?page_id=306\">Potential<\/a> | <a title=\"Freir\u00e4ume\" href=\"http:\/\/www.solothurnmasterplan.ch\/?page_id=308\">Freir\u00e4ume<\/a> | <a title=\"Verpasste Chancen\" href=\"http:\/\/www.solothurnmasterplan.ch\/?page_id=310\">Verpasste Chancen<\/a> | <a title=\"Mut zur Vision\" href=\"http:\/\/www.solothurnmasterplan.ch\/?page_id=312\">Mut zur Vision<\/a> | <a title=\"Forderungen\" href=\"http:\/\/www.solothurnmasterplan.ch\/?page_id=323\">Forderungen<\/a><\/p>\n<p>Die folgenden Bilder zeigen den aktuellen Stand der Stadtplanung. Beim Ist-Zustand (Bild 4) ist unschwer die historische Altstadt von Solothurn zu erkennen. Wo einst die imposante Stadtmauer stand ist ein fast durchgehender Gr\u00fcng\u00fcrtel vorzufinden. Weitere grossartige Parkanlagen befinden sich direkt bei den zahlreichen Klosteranlagen. Die Stadt ist \u00fcber die Jahrhunderte in allen Richtungen gewachsen und zum Teil auch mit Nachbargemeinden zusammengewachsen.<\/p>\n<p><img loading=\"lazy\" decoding=\"async\" class=\"aligncenter size-full wp-image-442\" src=\"http:\/\/www.solothurnmasterplan.ch\/wp-content\/uploads\/2016\/06\/Folie05.jpg\" alt=\"Folie05\" width=\"720\" height=\"540\" srcset=\"https:\/\/www.solothurnmasterplan.ch\/wp-content\/uploads\/2016\/06\/Folie05.jpg 720w, https:\/\/www.solothurnmasterplan.ch\/wp-content\/uploads\/2016\/06\/Folie05-300x225.jpg 300w, https:\/\/www.solothurnmasterplan.ch\/wp-content\/uploads\/2016\/06\/Folie05-624x468.jpg 624w\" sizes=\"auto, (max-width: 720px) 100vw, 720px\" \/>Bild 4: Solothurn 2014 &#8211; Bestehende Bauten, Garten- und Parkanlagen und Landwirtschaftsfl\u00e4chen<\/p>\n<p>Der Zonenplan sowie Besichtigungen vor Ort zeigen, dass innerhalb des gebauten Kontext zahlreiche Freifl\u00e4chen vorhanden sind (Bild 5). Die in der Grafik in gelb dargestellte Fl\u00e4chen sind unbebaute, eingezonte Parzellen. Die grosse, zusammenh\u00e4ngende Fl\u00e4che bildet die Stadterweiterung Weitblick.<\/p>\n<p><img loading=\"lazy\" decoding=\"async\" class=\"aligncenter size-full wp-image-443\" src=\"http:\/\/www.solothurnmasterplan.ch\/wp-content\/uploads\/2016\/06\/Folie06.jpg\" alt=\"Folie06\" width=\"720\" height=\"540\" srcset=\"https:\/\/www.solothurnmasterplan.ch\/wp-content\/uploads\/2016\/06\/Folie06.jpg 720w, https:\/\/www.solothurnmasterplan.ch\/wp-content\/uploads\/2016\/06\/Folie06-300x225.jpg 300w, https:\/\/www.solothurnmasterplan.ch\/wp-content\/uploads\/2016\/06\/Folie06-624x468.jpg 624w\" sizes=\"auto, (max-width: 720px) 100vw, 720px\" \/>Bild 5: Eingezonte nicht \u00fcberbaute Fl\u00e4chen 2014 (gelb)<\/p>\n<p><img loading=\"lazy\" decoding=\"async\" class=\"aligncenter size-full wp-image-444\" src=\"http:\/\/www.solothurnmasterplan.ch\/wp-content\/uploads\/2016\/06\/Folie07.jpg\" alt=\"Folie07\" width=\"720\" height=\"540\" srcset=\"https:\/\/www.solothurnmasterplan.ch\/wp-content\/uploads\/2016\/06\/Folie07.jpg 720w, https:\/\/www.solothurnmasterplan.ch\/wp-content\/uploads\/2016\/06\/Folie07-300x225.jpg 300w, https:\/\/www.solothurnmasterplan.ch\/wp-content\/uploads\/2016\/06\/Folie07-624x468.jpg 624w\" sizes=\"auto, (max-width: 720px) 100vw, 720px\" \/>Eine weitere Stadterweiterung im Westen der Stadt, ist die geplante Wasserstadt (Bild 6). Durch die Sanierung der ehemaligen Stadtdeponie entsteht eine k\u00fcnstliche Flussschlaufe, an der vor allem Wohnbauten entstehen sollen.Bild 6: Die Ausdehnung des Projekts Wasserstadt (violett)<\/p>\n<p>Da die Zukunft des zuletzt genannten Projekt ungewiss ist, konzentrieren wir die Betrachtung auf bereits eingezonten Parzellen. Auf Bild 7 sind die eingezonten Fl\u00e4chen f\u00fcr die Stadterweiterung Weitblick violett dargestellt, weitere eingezonte, unbebaute Parzellen gelb.<\/p>\n<p><img loading=\"lazy\" decoding=\"async\" class=\"aligncenter size-full wp-image-445\" src=\"http:\/\/www.solothurnmasterplan.ch\/wp-content\/uploads\/2016\/06\/Folie08.jpg\" alt=\"Folie08\" width=\"720\" height=\"540\" srcset=\"https:\/\/www.solothurnmasterplan.ch\/wp-content\/uploads\/2016\/06\/Folie08.jpg 720w, https:\/\/www.solothurnmasterplan.ch\/wp-content\/uploads\/2016\/06\/Folie08-300x225.jpg 300w, https:\/\/www.solothurnmasterplan.ch\/wp-content\/uploads\/2016\/06\/Folie08-624x468.jpg 624w\" sizes=\"auto, (max-width: 720px) 100vw, 720px\" \/>Bild 7: Das Areal der Stadterweiterung Weitblick im Westen der Stadt Solothurn<\/p>\n<p><img loading=\"lazy\" decoding=\"async\" class=\"aligncenter size-full wp-image-446\" src=\"http:\/\/www.solothurnmasterplan.ch\/wp-content\/uploads\/2016\/06\/Folie09.jpg\" alt=\"Folie09\" width=\"720\" height=\"540\" srcset=\"https:\/\/www.solothurnmasterplan.ch\/wp-content\/uploads\/2016\/06\/Folie09.jpg 720w, https:\/\/www.solothurnmasterplan.ch\/wp-content\/uploads\/2016\/06\/Folie09-300x225.jpg 300w, https:\/\/www.solothurnmasterplan.ch\/wp-content\/uploads\/2016\/06\/Folie09-624x468.jpg 624w\" sizes=\"auto, (max-width: 720px) 100vw, 720px\" \/>Der Vergleich der Fl\u00e4chen bringt Erstaunlichs ans Licht. Innerhalb des Bestandes ist n\u00e4mlich so viel Fl\u00e4che eingezont, wie die Stadterweiterung Weitblick selbst (Bild 8).Bild 8: Vergleich der eingezonten Parzellen mit dem Weitblickareal<\/p>\n<p><a title=\"Wachstum ohne Verdr\u00e4ngung\" href=\"http:\/\/www.solothurnmasterplan.ch\/?page_id=281\">&lt;&lt; Einleitung<\/a> | <a title=\"Freir\u00e4ume\" href=\"http:\/\/www.solothurnmasterplan.ch\/?page_id=308\">Freir\u00e4ume &gt;&gt;<\/a><\/p>\n","protected":false},"excerpt":{"rendered":"<p>Einleitung | Potential | Freir\u00e4ume | Verpasste Chancen | Mut zur Vision | Forderungen Die folgenden Bilder zeigen den aktuellen Stand der Stadtplanung. Beim Ist-Zustand (Bild 4) ist unschwer die historische Altstadt von Solothurn zu erkennen. Wo einst die imposante Stadtmauer stand ist ein fast durchgehender Gr\u00fcng\u00fcrtel vorzufinden. Weitere grossartige Parkanlagen befinden sich direkt bei [&hellip;]<\/p>\n","protected":false},"author":1,"featured_media":0,"parent":0,"menu_order":0,"comment_status":"open","ping_status":"open","template":"","meta":{"footnotes":""},"class_list":["post-306","page","type-page","status-publish","hentry"],"_links":{"self":[{"href":"https:\/\/www.solothurnmasterplan.ch\/index.php?rest_route=\/wp\/v2\/pages\/306","targetHints":{"allow":["GET"]}}],"collection":[{"href":"https:\/\/www.solothurnmasterplan.ch\/index.php?rest_route=\/wp\/v2\/pages"}],"about":[{"href":"https:\/\/www.solothurnmasterplan.ch\/index.php?rest_route=\/wp\/v2\/types\/page"}],"author":[{"embeddable":true,"href":"https:\/\/www.solothurnmasterplan.ch\/index.php?rest_route=\/wp\/v2\/users\/1"}],"replies":[{"embeddable":true,"href":"https:\/\/www.solothurnmasterplan.ch\/index.php?rest_route=%2Fwp%2Fv2%2Fcomments&post=306"}],"version-history":[{"count":13,"href":"https:\/\/www.solothurnmasterplan.ch\/index.php?rest_route=\/wp\/v2\/pages\/306\/revisions"}],"predecessor-version":[{"id":447,"href":"https:\/\/www.solothurnmasterplan.ch\/index.php?rest_route=\/wp\/v2\/pages\/306\/revisions\/447"}],"wp:attachment":[{"href":"https:\/\/www.solothurnmasterplan.ch\/index.php?rest_route=%2Fwp%2Fv2%2Fmedia&parent=306"}],"curies":[{"name":"wp","href":"https:\/\/api.w.org\/{rel}","templated":true}]}}