{"id":281,"date":"2014-03-31T14:55:17","date_gmt":"2014-03-31T12:55:17","guid":{"rendered":"http:\/\/www.solothurnmasterplan.ch\/?page_id=281"},"modified":"2016-06-16T07:14:13","modified_gmt":"2016-06-16T05:14:13","slug":"wachstum-ohne-verdraengung-einleitung","status":"publish","type":"page","link":"https:\/\/www.solothurnmasterplan.ch\/","title":{"rendered":"Wachstum ohne Verdr\u00e4ngung"},"content":{"rendered":"<p><a title=\"Wachstum ohne Verdr\u00e4ngung\" href=\"http:\/\/www.solothurnmasterplan.ch\/?page_id=281\">Einleitung<\/a> | <a title=\"Potential\" href=\"http:\/\/www.solothurnmasterplan.ch\/?page_id=306\">Potential<\/a> | <a title=\"Freir\u00e4ume\" href=\"http:\/\/www.solothurnmasterplan.ch\/?page_id=308\">Freir\u00e4ume<\/a> | <a title=\"Verpasste Chancen\" href=\"http:\/\/www.solothurnmasterplan.ch\/?page_id=310\">Verpasste Chancen<\/a> | <a title=\"Mut zur Vision\" href=\"http:\/\/www.solothurnmasterplan.ch\/?page_id=312\">Mut zur Vision<\/a> | <a title=\"Forderungen\" href=\"http:\/\/www.solothurnmasterplan.ch\/?page_id=323\">Forderungen<\/a><\/p>\n<p><strong>Solothurn Masterplan ist ein Verein, der sich mit der st\u00e4dtebaulichen Entwicklung der Stadt und Region Solothurn besch\u00e4ftigt. Ziele des Vereins sind u.a. M\u00f6glichkeiten der Stadterweiterung ohne neuen Landverbrauch aufzuzeigen, gegebenenfalls Projekte zu hinterfragen und die Stadt als Ganzes zu betrachten, um eine ganzheitliche Vision zu erarbeiten. Der Verein sucht die Inspiration in der Geschichte der Stadt, um die Zukunft zu denken und die Gegenwart zu erm\u00f6glichen.<\/strong><\/p>\n<h1>Einleitung<\/h1>\n<p>Die klare Annahme des revidierten Raumplanungsgesetzes im M\u00e4rz 2013 muss als deutliches Zeichen verstanden werden, dass die bisherigen Strategien der Raum- und Stadtplanung \u00fcberdenkt werden m\u00fcssen.<\/p>\n<p><img loading=\"lazy\" decoding=\"async\" class=\"aligncenter size-full wp-image-437\" src=\"http:\/\/www.solothurnmasterplan.ch\/wp-content\/uploads\/2016\/06\/Folie02.jpg\" alt=\"Folie02\" width=\"720\" height=\"540\" srcset=\"https:\/\/www.solothurnmasterplan.ch\/wp-content\/uploads\/2016\/06\/Folie02.jpg 720w, https:\/\/www.solothurnmasterplan.ch\/wp-content\/uploads\/2016\/06\/Folie02-300x225.jpg 300w, https:\/\/www.solothurnmasterplan.ch\/wp-content\/uploads\/2016\/06\/Folie02-624x468.jpg 624w\" sizes=\"auto, (max-width: 720px) 100vw, 720px\" \/>Bild 1: Agglomeration im Schweizer Mittelland<\/p>\n<p>Die bauliche Aktivit\u00e4t der vergangenen Jahrzehnten hat dazu gef\u00fchrt, dass unsere Siedlungen grossfl\u00e4chig gewachsen sind. Diese Entwicklung war gewollt und wurde geplant, doch sieht das Resultat h\u00e4ufig nach ungeplanter Wucherung aus. Die Grenzen zwischen besiedeltem und unbesiedeltem Raum wurden gegl\u00e4ttet. Wohlstand, Zunahme der Mobilit\u00e4t, kurzsichtige Planung sind die grundlegenden Faktoren, welche das Entstehen dieser Situation (Bild 1) erm\u00f6glichen.<\/p>\n<p><img loading=\"lazy\" decoding=\"async\" class=\"aligncenter size-full wp-image-439\" src=\"http:\/\/www.solothurnmasterplan.ch\/wp-content\/uploads\/2016\/06\/Folie03.jpg\" alt=\"Folie03\" width=\"720\" height=\"540\" srcset=\"https:\/\/www.solothurnmasterplan.ch\/wp-content\/uploads\/2016\/06\/Folie03.jpg 720w, https:\/\/www.solothurnmasterplan.ch\/wp-content\/uploads\/2016\/06\/Folie03-300x225.jpg 300w, https:\/\/www.solothurnmasterplan.ch\/wp-content\/uploads\/2016\/06\/Folie03-624x468.jpg 624w\" sizes=\"auto, (max-width: 720px) 100vw, 720px\" \/>Bild 2: Collage Bestand und Projekte in der Stadt Solothurn<\/p>\n<p>Sch\u00e4rfen wir den Blick einzig auf die Stadt Solothurn, so sieht die Situation nicht besser aus. In einer Plancollage (Bild 2) sind Bestand und Projekte sichtbar. Das Fehlen \u00fcbergeordneter Ideen oder einer Vision, l\u00e4sst die Stadt\u00a0flickenteppichartig an verschiedenen Orten wachsen.<\/p>\n<p><img loading=\"lazy\" decoding=\"async\" class=\"aligncenter size-full wp-image-440\" src=\"http:\/\/www.solothurnmasterplan.ch\/wp-content\/uploads\/2016\/06\/Folie04.jpg\" alt=\"Folie04\" width=\"720\" height=\"540\" srcset=\"https:\/\/www.solothurnmasterplan.ch\/wp-content\/uploads\/2016\/06\/Folie04.jpg 720w, https:\/\/www.solothurnmasterplan.ch\/wp-content\/uploads\/2016\/06\/Folie04-300x225.jpg 300w, https:\/\/www.solothurnmasterplan.ch\/wp-content\/uploads\/2016\/06\/Folie04-624x468.jpg 624w\" sizes=\"auto, (max-width: 720px) 100vw, 720px\" \/>Bild 3: Solothurn w\u00e4chst, ohne und mit Vision<\/p>\n<p>Dabei enstehen meist isolierte Stadtteile, welche nur wenige Funktionen erf\u00fcllen &#8211; oft nur Schlafsiedlungen sind &#8211; und so auf das Zentrum angewiesen, um zu funktionieren. Der selbe Gedanke, l\u00e4sst sich selbstverst\u00e4ndlich auch auf gr\u00f6ssere Gebiete \u00fcbertragen. In der Visualisierung (Bild 3) wird einem ungeplanten Stadtwachstum eine geplante Stadterweiterung mit einer Vision f\u00fcr das gesamte Stadtgebiet gegen\u00fcbergestellt.<\/p>\n<p><a title=\"Potential\" href=\"http:\/\/www.solothurnmasterplan.ch\/?page_id=306\">Potential &gt;&gt;<\/a><\/p>\n","protected":false},"excerpt":{"rendered":"<p>Einleitung | Potential | Freir\u00e4ume | Verpasste Chancen | Mut zur Vision | Forderungen Solothurn Masterplan ist ein Verein, der sich mit der st\u00e4dtebaulichen Entwicklung der Stadt und Region Solothurn besch\u00e4ftigt. Ziele des Vereins sind u.a. M\u00f6glichkeiten der Stadterweiterung ohne neuen Landverbrauch aufzuzeigen, gegebenenfalls Projekte zu hinterfragen und die Stadt als Ganzes zu betrachten, um [&hellip;]<\/p>\n","protected":false},"author":1,"featured_media":0,"parent":0,"menu_order":0,"comment_status":"open","ping_status":"open","template":"","meta":{"footnotes":""},"class_list":["post-281","page","type-page","status-publish","hentry"],"_links":{"self":[{"href":"https:\/\/www.solothurnmasterplan.ch\/index.php?rest_route=\/wp\/v2\/pages\/281","targetHints":{"allow":["GET"]}}],"collection":[{"href":"https:\/\/www.solothurnmasterplan.ch\/index.php?rest_route=\/wp\/v2\/pages"}],"about":[{"href":"https:\/\/www.solothurnmasterplan.ch\/index.php?rest_route=\/wp\/v2\/types\/page"}],"author":[{"embeddable":true,"href":"https:\/\/www.solothurnmasterplan.ch\/index.php?rest_route=\/wp\/v2\/users\/1"}],"replies":[{"embeddable":true,"href":"https:\/\/www.solothurnmasterplan.ch\/index.php?rest_route=%2Fwp%2Fv2%2Fcomments&post=281"}],"version-history":[{"count":25,"href":"https:\/\/www.solothurnmasterplan.ch\/index.php?rest_route=\/wp\/v2\/pages\/281\/revisions"}],"predecessor-version":[{"id":441,"href":"https:\/\/www.solothurnmasterplan.ch\/index.php?rest_route=\/wp\/v2\/pages\/281\/revisions\/441"}],"wp:attachment":[{"href":"https:\/\/www.solothurnmasterplan.ch\/index.php?rest_route=%2Fwp%2Fv2%2Fmedia&parent=281"}],"curies":[{"name":"wp","href":"https:\/\/api.w.org\/{rel}","templated":true}]}}